{"id":13,"date":"2026-05-07T18:46:00","date_gmt":"2026-05-07T18:46:00","guid":{"rendered":"http:\/\/www.gaziantepneroperformance.com\/?page_id=13"},"modified":"2026-05-07T18:46:00","modified_gmt":"2026-05-07T18:46:00","slug":"bize-ulasin","status":"publish","type":"page","link":"https:\/\/www.gaziantepneroperformance.com\/index.php\/bize-ulasin\/","title":{"rendered":"Bize ula\u015f\u0131n"},"content":{"rendered":"\n<p>Bu sayfada, adres ve telefon numaras\u0131 gibi temel ileti\u015fim bilgileri bulunur. Ayr\u0131ca bir ileti\u015fim formu eklemek i\u00e7in bir eklenti de deneyebilirsiniz.<\/p>\n","protected":false},"excerpt":{"rendered":"<p>Bu sayfada, adres ve telefon numaras\u0131 gibi temel ileti\u015fim bilgileri bulunur. Ayr\u0131ca bir [&hellip;]<\/p>\n","protected":false},"author":1,"featured_media":0,"parent":0,"menu_order":0,"comment_status":"closed","ping_status":"closed","template":"","meta":{"_acf_changed":false,"saved_in_kubio":false,"footnotes":""},"class_list":["post-13","page","type-page","status-publish","hentry"],"acf":[],"kubio_ai_page_context":{"short_desc":"","purpose":"general"},"_links":{"self":[{"href":"https:\/\/www.gaziantepneroperformance.com\/index.php\/wp-json\/wp\/v2\/pages\/13","targetHints":{"allow":["GET"]}}],"collection":[{"href":"https:\/\/www.gaziantepneroperformance.com\/index.php\/wp-json\/wp\/v2\/pages"}],"about":[{"href":"https:\/\/www.gaziantepneroperformance.com\/index.php\/wp-json\/wp\/v2\/types\/page"}],"author":[{"embeddable":true,"href":"https:\/\/www.gaziantepneroperformance.com\/index.php\/wp-json\/wp\/v2\/users\/1"}],"replies":[{"embeddable":true,"href":"https:\/\/www.gaziantepneroperformance.com\/index.php\/wp-json\/wp\/v2\/comments?post=13"}],"version-history":[{"count":1,"href":"https:\/\/www.gaziantepneroperformance.com\/index.php\/wp-json\/wp\/v2\/pages\/13\/revisions"}],"predecessor-version":[{"id":18,"href":"https:\/\/www.gaziantepneroperformance.com\/index.php\/wp-json\/wp\/v2\/pages\/13\/revisions\/18"}],"wp:attachment":[{"href":"https:\/\/www.gaziantepneroperformance.com\/index.php\/wp-json\/wp\/v2\/media?parent=13"}],"curies":[{"name":"wp","href":"https:\/\/api.w.org\/{rel}","templated":true}]}}